{"id":26,"date":"2022-05-30T19:14:29","date_gmt":"2022-05-30T19:14:29","guid":{"rendered":"https:\/\/petsiterzy.pl\/?page_id=26"},"modified":"2026-05-14T14:15:29","modified_gmt":"2026-05-14T14:15:29","slug":"nasz-zespol","status":"publish","type":"page","link":"https:\/\/petsiterzy.pl\/index.php\/nasz-zespol\/","title":{"rendered":"Nasz zesp\u00f3\u0142"},"content":{"rendered":"<p><\/p>\n","protected":false},"excerpt":{"rendered":"","protected":false},"author":1,"featured_media":463,"parent":0,"menu_order":0,"comment_status":"closed","ping_status":"closed","template":"","meta":{"footnotes":""},"class_list":["post-26","page","type-page","status-publish","has-post-thumbnail"],"yoast_head":"<!-- This site is optimized with the Yoast SEO Premium plugin v27.5 (Yoast SEO v27.5) - https:\/\/yoast.com\/product\/yoast-seo-premium-wordpress\/ -->\n<title>Nasz zesp\u00f3\u0142 - Opieka nad zwierz\u0119tami<\/title>\n<meta name=\"description\" content=\"Nasz zesp\u00f3\u0142\" \/>\n<meta name=\"robots\" content=\"index, follow, max-snippet:-1, max-image-preview:large, max-video-preview:-1\" \/>\n<link rel=\"canonical\" href=\"https:\/\/petsiterzy.pl\/index.php\/nasz-zespol\/\" \/>\n<meta property=\"og:locale\" content=\"pl_PL\" \/>\n<meta property=\"og:type\" content=\"article\" \/>\n<meta property=\"og:title\" content=\"Nasz zesp\u00f3\u0142\" \/>\n<meta property=\"og:description\" content=\"Nasz zesp\u00f3\u0142\" \/>\n<meta property=\"og:url\" content=\"https:\/\/petsiterzy.pl\/index.php\/nasz-zespol\/\" \/>\n<meta property=\"og:site_name\" content=\"Opieka nad zwierz\u0119tami\" \/>\n<meta property=\"article:modified_time\" content=\"2026-05-14T14:15:29+00:00\" \/>\n<meta property=\"og:image\" content=\"https:\/\/petsiterzy.pl\/wp-content\/uploads\/2026\/05\/wypadek-drogowy-2026-05-02T114155.642.png\" \/>\n\t<meta property=\"og:image:width\" content=\"1200\" \/>\n\t<meta property=\"og:image:height\" content=\"675\" \/>\n\t<meta property=\"og:image:type\" content=\"image\/png\" \/>\n<meta name=\"twitter:card\" content=\"summary_large_image\" \/>\n<meta name=\"twitter:label1\" content=\"Szacowany czas czytania\" \/>\n\t<meta name=\"twitter:data1\" content=\"1 minuta\" \/>\n<script type=\"application\/ld+json\" class=\"yoast-schema-graph\">{\"@context\":\"https:\\\/\\\/schema.org\",\"@graph\":[{\"@type\":\"WebPage\",\"@id\":\"https:\\\/\\\/petsiterzy.pl\\\/index.php\\\/nasz-zespol\\\/\",\"url\":\"https:\\\/\\\/petsiterzy.pl\\\/index.php\\\/nasz-zespol\\\/\",\"name\":\"Nasz zesp\u00f3\u0142 - Opieka nad zwierz\u0119tami\",\"isPartOf\":{\"@id\":\"https:\\\/\\\/petsiterzy.pl\\\/#website\"},\"primaryImageOfPage\":{\"@id\":\"https:\\\/\\\/petsiterzy.pl\\\/index.php\\\/nasz-zespol\\\/#primaryimage\"},\"image\":{\"@id\":\"https:\\\/\\\/petsiterzy.pl\\\/index.php\\\/nasz-zespol\\\/#primaryimage\"},\"thumbnailUrl\":\"https:\\\/\\\/petsiterzy.pl\\\/wp-content\\\/uploads\\\/2026\\\/05\\\/wypadek-drogowy-2026-05-02T114155.642.png\",\"datePublished\":\"2022-05-30T19:14:29+00:00\",\"dateModified\":\"2026-05-14T14:15:29+00:00\",\"description\":\"Nasz zesp\u00f3\u0142\",\"breadcrumb\":{\"@id\":\"https:\\\/\\\/petsiterzy.pl\\\/index.php\\\/nasz-zespol\\\/#breadcrumb\"},\"inLanguage\":\"pl-PL\",\"potentialAction\":[{\"@type\":\"ReadAction\",\"target\":[\"https:\\\/\\\/petsiterzy.pl\\\/index.php\\\/nasz-zespol\\\/\"]}]},{\"@type\":\"ImageObject\",\"inLanguage\":\"pl-PL\",\"@id\":\"https:\\\/\\\/petsiterzy.pl\\\/index.php\\\/nasz-zespol\\\/#primaryimage\",\"url\":\"https:\\\/\\\/petsiterzy.pl\\\/wp-content\\\/uploads\\\/2026\\\/05\\\/wypadek-drogowy-2026-05-02T114155.642.png\",\"contentUrl\":\"https:\\\/\\\/petsiterzy.pl\\\/wp-content\\\/uploads\\\/2026\\\/05\\\/wypadek-drogowy-2026-05-02T114155.642.png\",\"width\":1200,\"height\":675,\"caption\":\"Nasz zesp\u00f3\u0142\"},{\"@type\":\"BreadcrumbList\",\"@id\":\"https:\\\/\\\/petsiterzy.pl\\\/index.php\\\/nasz-zespol\\\/#breadcrumb\",\"itemListElement\":[{\"@type\":\"ListItem\",\"position\":1,\"name\":\"Strona g\u0142\u00f3wna\",\"item\":\"https:\\\/\\\/petsiterzy.pl\\\/\"},{\"@type\":\"ListItem\",\"position\":2,\"name\":\"Nasz zesp\u00f3\u0142\"}]},{\"@type\":\"WebSite\",\"@id\":\"https:\\\/\\\/petsiterzy.pl\\\/#website\",\"url\":\"https:\\\/\\\/petsiterzy.pl\\\/\",\"name\":\"Opieka nad zwierz\u0119tami w domu | Petsiterzy.pl\",\"description\":\"Certyfikowana opieka nad zwierz\u0119tami w Twojej okolicy\",\"publisher\":{\"@id\":\"https:\\\/\\\/petsiterzy.pl\\\/#\\\/schema\\\/person\\\/2598b166f901e150976406f5063edd9c\"},\"alternateName\":\"Petsiterzy.pl mo\u017cliwie najlepszy wyb\u00f3r dla Ciebie i Twojego zwierz\u0119cia\",\"potentialAction\":[{\"@type\":\"SearchAction\",\"target\":{\"@type\":\"EntryPoint\",\"urlTemplate\":\"https:\\\/\\\/petsiterzy.pl\\\/?s={search_term_string}\"},\"query-input\":{\"@type\":\"PropertyValueSpecification\",\"valueRequired\":true,\"valueName\":\"search_term_string\"}}],\"inLanguage\":\"pl-PL\"},{\"@type\":[\"Person\",\"Organization\"],\"@id\":\"https:\\\/\\\/petsiterzy.pl\\\/#\\\/schema\\\/person\\\/2598b166f901e150976406f5063edd9c\",\"name\":\"Mieszko Eichelberger\",\"image\":{\"@type\":\"ImageObject\",\"inLanguage\":\"pl-PL\",\"@id\":\"https:\\\/\\\/secure.gravatar.com\\\/avatar\\\/900983b3a6d0204fa8fe8a0967cf296a15fd9d5b96778186da061ee910f02c2d?s=96&d=mm&r=g\",\"url\":\"https:\\\/\\\/secure.gravatar.com\\\/avatar\\\/900983b3a6d0204fa8fe8a0967cf296a15fd9d5b96778186da061ee910f02c2d?s=96&d=mm&r=g\",\"contentUrl\":\"https:\\\/\\\/secure.gravatar.com\\\/avatar\\\/900983b3a6d0204fa8fe8a0967cf296a15fd9d5b96778186da061ee910f02c2d?s=96&d=mm&r=g\",\"caption\":\"Mieszko Eichelberger\"},\"logo\":{\"@id\":\"https:\\\/\\\/secure.gravatar.com\\\/avatar\\\/900983b3a6d0204fa8fe8a0967cf296a15fd9d5b96778186da061ee910f02c2d?s=96&d=mm&r=g\"},\"sameAs\":[\"https:\\\/\\\/petsiterzy.pl\",\"1\"]}]}<\/script>\n<!-- \/ Yoast SEO Premium plugin. -->","yoast_head_json":{"title":"Nasz zesp\u00f3\u0142 - Opieka nad zwierz\u0119tami","description":"Nasz zesp\u00f3\u0142","robots":{"index":"index","follow":"follow","max-snippet":"max-snippet:-1","max-image-preview":"max-image-preview:large","max-video-preview":"max-video-preview:-1"},"canonical":"https:\/\/petsiterzy.pl\/index.php\/nasz-zespol\/","og_locale":"pl_PL","og_type":"article","og_title":"Nasz zesp\u00f3\u0142","og_description":"Nasz zesp\u00f3\u0142","og_url":"https:\/\/petsiterzy.pl\/index.php\/nasz-zespol\/","og_site_name":"Opieka nad zwierz\u0119tami","article_modified_time":"2026-05-14T14:15:29+00:00","og_image":[{"width":1200,"height":675,"url":"https:\/\/petsiterzy.pl\/wp-content\/uploads\/2026\/05\/wypadek-drogowy-2026-05-02T114155.642.png","type":"image\/png"}],"twitter_card":"summary_large_image","twitter_misc":{"Szacowany czas czytania":"1 minuta"},"schema":{"@context":"https:\/\/schema.org","@graph":[{"@type":"WebPage","@id":"https:\/\/petsiterzy.pl\/index.php\/nasz-zespol\/","url":"https:\/\/petsiterzy.pl\/index.php\/nasz-zespol\/","name":"Nasz zesp\u00f3\u0142 - Opieka nad zwierz\u0119tami","isPartOf":{"@id":"https:\/\/petsiterzy.pl\/#website"},"primaryImageOfPage":{"@id":"https:\/\/petsiterzy.pl\/index.php\/nasz-zespol\/#primaryimage"},"image":{"@id":"https:\/\/petsiterzy.pl\/index.php\/nasz-zespol\/#primaryimage"},"thumbnailUrl":"https:\/\/petsiterzy.pl\/wp-content\/uploads\/2026\/05\/wypadek-drogowy-2026-05-02T114155.642.png","datePublished":"2022-05-30T19:14:29+00:00","dateModified":"2026-05-14T14:15:29+00:00","description":"Nasz zesp\u00f3\u0142","breadcrumb":{"@id":"https:\/\/petsiterzy.pl\/index.php\/nasz-zespol\/#breadcrumb"},"inLanguage":"pl-PL","potentialAction":[{"@type":"ReadAction","target":["https:\/\/petsiterzy.pl\/index.php\/nasz-zespol\/"]}]},{"@type":"ImageObject","inLanguage":"pl-PL","@id":"https:\/\/petsiterzy.pl\/index.php\/nasz-zespol\/#primaryimage","url":"https:\/\/petsiterzy.pl\/wp-content\/uploads\/2026\/05\/wypadek-drogowy-2026-05-02T114155.642.png","contentUrl":"https:\/\/petsiterzy.pl\/wp-content\/uploads\/2026\/05\/wypadek-drogowy-2026-05-02T114155.642.png","width":1200,"height":675,"caption":"Nasz zesp\u00f3\u0142"},{"@type":"BreadcrumbList","@id":"https:\/\/petsiterzy.pl\/index.php\/nasz-zespol\/#breadcrumb","itemListElement":[{"@type":"ListItem","position":1,"name":"Strona g\u0142\u00f3wna","item":"https:\/\/petsiterzy.pl\/"},{"@type":"ListItem","position":2,"name":"Nasz zesp\u00f3\u0142"}]},{"@type":"WebSite","@id":"https:\/\/petsiterzy.pl\/#website","url":"https:\/\/petsiterzy.pl\/","name":"Opieka nad zwierz\u0119tami w domu | Petsiterzy.pl","description":"Certyfikowana opieka nad zwierz\u0119tami w Twojej okolicy","publisher":{"@id":"https:\/\/petsiterzy.pl\/#\/schema\/person\/2598b166f901e150976406f5063edd9c"},"alternateName":"Petsiterzy.pl mo\u017cliwie najlepszy wyb\u00f3r dla Ciebie i Twojego zwierz\u0119cia","potentialAction":[{"@type":"SearchAction","target":{"@type":"EntryPoint","urlTemplate":"https:\/\/petsiterzy.pl\/?s={search_term_string}"},"query-input":{"@type":"PropertyValueSpecification","valueRequired":true,"valueName":"search_term_string"}}],"inLanguage":"pl-PL"},{"@type":["Person","Organization"],"@id":"https:\/\/petsiterzy.pl\/#\/schema\/person\/2598b166f901e150976406f5063edd9c","name":"Mieszko Eichelberger","image":{"@type":"ImageObject","inLanguage":"pl-PL","@id":"https:\/\/secure.gravatar.com\/avatar\/900983b3a6d0204fa8fe8a0967cf296a15fd9d5b96778186da061ee910f02c2d?s=96&d=mm&r=g","url":"https:\/\/secure.gravatar.com\/avatar\/900983b3a6d0204fa8fe8a0967cf296a15fd9d5b96778186da061ee910f02c2d?s=96&d=mm&r=g","contentUrl":"https:\/\/secure.gravatar.com\/avatar\/900983b3a6d0204fa8fe8a0967cf296a15fd9d5b96778186da061ee910f02c2d?s=96&d=mm&r=g","caption":"Mieszko Eichelberger"},"logo":{"@id":"https:\/\/secure.gravatar.com\/avatar\/900983b3a6d0204fa8fe8a0967cf296a15fd9d5b96778186da061ee910f02c2d?s=96&d=mm&r=g"},"sameAs":["https:\/\/petsiterzy.pl","1"]}]}},"_links":{"self":[{"href":"https:\/\/petsiterzy.pl\/index.php\/wp-json\/wp\/v2\/pages\/26","targetHints":{"allow":["GET"]}}],"collection":[{"href":"https:\/\/petsiterzy.pl\/index.php\/wp-json\/wp\/v2\/pages"}],"about":[{"href":"https:\/\/petsiterzy.pl\/index.php\/wp-json\/wp\/v2\/types\/page"}],"author":[{"embeddable":true,"href":"https:\/\/petsiterzy.pl\/index.php\/wp-json\/wp\/v2\/users\/1"}],"replies":[{"embeddable":true,"href":"https:\/\/petsiterzy.pl\/index.php\/wp-json\/wp\/v2\/comments?post=26"}],"version-history":[{"count":6,"href":"https:\/\/petsiterzy.pl\/index.php\/wp-json\/wp\/v2\/pages\/26\/revisions"}],"predecessor-version":[{"id":761,"href":"https:\/\/petsiterzy.pl\/index.php\/wp-json\/wp\/v2\/pages\/26\/revisions\/761"}],"wp:featuredmedia":[{"embeddable":true,"href":"https:\/\/petsiterzy.pl\/index.php\/wp-json\/wp\/v2\/media\/463"}],"wp:attachment":[{"href":"https:\/\/petsiterzy.pl\/index.php\/wp-json\/wp\/v2\/media?parent=26"}],"curies":[{"name":"wp","href":"https:\/\/api.w.org\/{rel}","templated":true}]}}