{"id":351,"date":"2025-06-29T16:26:31","date_gmt":"2025-06-29T16:26:31","guid":{"rendered":"https:\/\/petsiterzy.pl\/?page_id=351"},"modified":"2026-05-02T09:02:43","modified_gmt":"2026-05-02T09:02:43","slug":"danzig-katzensitting-zuverlassige-betreuung-fur-ihre-katze-wahrend-ihrer-abwesenheit","status":"publish","type":"page","link":"https:\/\/petsiterzy.pl\/index.php\/danzig-katzensitting-zuverlassige-betreuung-fur-ihre-katze-wahrend-ihrer-abwesenheit\/","title":{"rendered":"Danzig Katzensitting \u2013 Zuverl\u00e4ssige Betreuung f\u00fcr Ihre Katze w\u00e4hrend Ihrer Abwesenheit"},"content":{"rendered":"[vc_row type=&#8221;full_width_background&#8221; full_screen_row_position=&#8221;middle&#8221; column_margin=&#8221;none&#8221; equal_height=&#8221;yes&#8221; content_placement=&#8221;middle&#8221; column_direction=&#8221;default&#8221; column_direction_tablet=&#8221;default&#8221; column_direction_phone=&#8221;default&#8221; scene_position=&#8221;center&#8221; top_padding=&#8221;6%&#8221; bottom_padding=&#8221;6%&#8221; text_color=&#8221;dark&#8221; text_align=&#8221;left&#8221; row_border_radius=&#8221;none&#8221; row_border_radius_applies=&#8221;bg&#8221; overflow=&#8221;visible&#8221; overlay_strength=&#8221;0.3&#8243; gradient_direction=&#8221;left_to_right&#8221; shape_divider_position=&#8221;bottom&#8221; bg_image_animation=&#8221;none&#8221; shape_type=&#8221;&#8221;][vc_column column_padding=&#8221;padding-12-percent&#8221; column_padding_tablet=&#8221;inherit&#8221; column_padding_phone=&#8221;inherit&#8221; column_padding_position=&#8221;all&#8221; column_element_direction_desktop=&#8221;default&#8221; column_element_spacing=&#8221;default&#8221; desktop_text_alignment=&#8221;default&#8221; tablet_text_alignment=&#8221;default&#8221; phone_text_alignment=&#8221;default&#8221; background_color=&#8221;#fff0ed&#8221; background_color_opacity=&#8221;1&#8243; background_hover_color_opacity=&#8221;1&#8243; column_backdrop_filter=&#8221;none&#8221; column_shadow=&#8221;none&#8221; column_border_radius=&#8221;none&#8221; column_link_target=&#8221;_self&#8221; column_position=&#8221;default&#8221; gradient_direction=&#8221;left_to_right&#8221; overlay_strength=&#8221;0.3&#8243; width=&#8221;7\/12&#8243; tablet_width_inherit=&#8221;default&#8221; animation_type=&#8221;default&#8221; bg_image_animation=&#8221;none&#8221; border_type=&#8221;simple&#8221; column_border_width=&#8221;none&#8221; column_border_style=&#8221;solid&#8221;][vc_row_inner column_margin=&#8221;none&#8221; column_direction=&#8221;default&#8221; column_direction_tablet=&#8221;default&#8221; column_direction_phone=&#8221;default&#8221; bottom_padding=&#8221;10&#8243; text_align=&#8221;left&#8221; row_position=&#8221;default&#8221; row_position_tablet=&#8221;inherit&#8221; row_position_phone=&#8221;inherit&#8221; overflow=&#8221;visible&#8221; pointer_events=&#8221;all&#8221;][vc_column_inner column_padding=&#8221;no-extra-padding&#8221; column_padding_tablet=&#8221;inherit&#8221; column_padding_phone=&#8221;inherit&#8221; column_padding_position=&#8221;all&#8221; column_element_direction_desktop=&#8221;default&#8221; column_element_spacing=&#8221;default&#8221; desktop_text_alignment=&#8221;default&#8221; tablet_text_alignment=&#8221;default&#8221; phone_text_alignment=&#8221;default&#8221; background_color_opacity=&#8221;1&#8243; background_hover_color_opacity=&#8221;1&#8243; column_backdrop_filter=&#8221;none&#8221; column_shadow=&#8221;none&#8221; column_border_radius=&#8221;none&#8221; column_link_target=&#8221;_self&#8221; overflow=&#8221;visible&#8221; gradient_direction=&#8221;left_to_right&#8221; overlay_strength=&#8221;0.3&#8243; width=&#8221;1\/1&#8243; tablet_width_inherit=&#8221;default&#8221; animation_type=&#8221;default&#8221; bg_image_animation=&#8221;none&#8221; border_type=&#8221;simple&#8221; column_border_width=&#8221;none&#8221; column_border_style=&#8221;solid&#8221; offset=&#8221;vc_col-lg-11 vc_col-md-11 vc_col-xs-12&#8243;][split_line_heading animation_type=&#8221;line-reveal-by-space&#8221; font_style=&#8221;h3&#8243; line_reveal_by_space_text_effect=&#8221;default&#8221; content_alignment=&#8221;default&#8221; mobile_content_alignment=&#8221;inherit&#8221; link_target=&#8221;_self&#8221; text_content=&#8221;Sie verreisen? \u00dcberlassen Sie Ihre Katze einer professionellen und liebevollen Betreuung. Ich biete individuelle Pflege, die auf die Bed\u00fcrfnisse Ihrer Katze abgestimmt ist \u2013 entweder bei Ihnen zu Hause oder bei mir \u2013 damit sich Ihr Tier auch ohne Sie sicher und geborgen f\u00fchlt.&#8221; text_direction=&#8221;default&#8221;][\/split_line_heading][\/vc_column_inner][\/vc_row_inner][vc_row_inner column_margin=&#8221;default&#8221; column_direction=&#8221;default&#8221; column_direction_tablet=&#8221;default&#8221; column_direction_phone=&#8221;default&#8221; text_align=&#8221;left&#8221; row_position=&#8221;default&#8221; row_position_tablet=&#8221;inherit&#8221; row_position_phone=&#8221;inherit&#8221; overflow=&#8221;visible&#8221; pointer_events=&#8221;all&#8221;][vc_column_inner column_padding=&#8221;no-extra-padding&#8221; column_padding_tablet=&#8221;inherit&#8221; column_padding_phone=&#8221;inherit&#8221; column_padding_position=&#8221;all&#8221; column_element_direction_desktop=&#8221;default&#8221; column_element_spacing=&#8221;default&#8221; desktop_text_alignment=&#8221;default&#8221; tablet_text_alignment=&#8221;default&#8221; phone_text_alignment=&#8221;default&#8221; background_color_opacity=&#8221;1&#8243; background_hover_color_opacity=&#8221;1&#8243; column_backdrop_filter=&#8221;none&#8221; column_shadow=&#8221;none&#8221; column_border_radius=&#8221;none&#8221; column_link_target=&#8221;_self&#8221; overflow=&#8221;visible&#8221; gradient_direction=&#8221;left_to_right&#8221; overlay_strength=&#8221;0.3&#8243; width=&#8221;1\/1&#8243; tablet_width_inherit=&#8221;default&#8221; animation_type=&#8221;default&#8221; enable_animation=&#8221;true&#8221; animation=&#8221;fade-in-from-bottom&#8221; animation_easing=&#8221;default&#8221; bg_image_animation=&#8221;none&#8221; border_type=&#8221;simple&#8221; column_border_width=&#8221;none&#8221; column_border_style=&#8221;solid&#8221; offset=&#8221;vc_col-lg-11 vc_col-md-11 vc_col-xs-12&#8243;][vc_column_text css=&#8221;.vc_custom_1751214454842{padding-right: 10% !important;}&#8221; text_direction=&#8221;default&#8221;]\n<p data-start=\"797\" data-end=\"1012\"><strong data-start=\"797\" data-end=\"811\">Warum ich?<\/strong><\/p>\n<p>Als zertifizierter Tierverhaltensberater mit Schwerpunkt Hauskatzen kenne ich die Bed\u00fcrfnisse von Katzen genau und sorge f\u00fcr eine ruhige Umgebung, die Stress mindert und den gewohnten Ablauf erh\u00e4lt.<\/p>\n<p data-start=\"1014\" data-end=\"1142\">Buchen Sie fr\u00fchzeitig, um Verf\u00fcgbarkeit zu sichern und Ihrer Katze die beste Betreuung w\u00e4hrend Ihrer Abwesenheit zu garantieren.<\/p>\n[\/vc_column_text][nectar_cta btn_style=&#8221;arrow-animation&#8221; heading_tag=&#8221;h5&#8243; button_color=&#8221;default&#8221; text_color=&#8221;#0a0000&#8243; button_border_thickness=&#8221;0px&#8221; link_type=&#8221;regular&#8221; alignment=&#8221;left&#8221; alignment_tablet=&#8221;default&#8221; alignment_phone=&#8221;default&#8221; display=&#8221;block&#8221; display_tablet=&#8221;inherit&#8221; display_phone=&#8221;inherit&#8221; link_text=&#8221;Book here&#8221; url=&#8221;https:\/\/kocie-porady.pl\/sklep\/index.php\/produkt\/opieka-nad-kotem-w-domu-klienta\/&#8221; margin_top=&#8221;20&#8243;][\/vc_column_inner][\/vc_row_inner][\/vc_column][vc_column column_padding=&#8221;no-extra-padding&#8221; column_padding_tablet=&#8221;inherit&#8221; column_padding_phone=&#8221;inherit&#8221; column_padding_position=&#8221;all&#8221; column_element_direction_desktop=&#8221;default&#8221; column_element_spacing=&#8221;default&#8221; desktop_text_alignment=&#8221;default&#8221; tablet_text_alignment=&#8221;default&#8221; phone_text_alignment=&#8221;default&#8221; background_color_opacity=&#8221;1&#8243; background_hover_color_opacity=&#8221;1&#8243; column_backdrop_filter=&#8221;none&#8221; column_shadow=&#8221;none&#8221; column_border_radius=&#8221;none&#8221; column_link_target=&#8221;_self&#8221; column_position=&#8221;default&#8221; gradient_direction=&#8221;left_to_right&#8221; overlay_strength=&#8221;0.3&#8243; width=&#8221;5\/12&#8243; tablet_width_inherit=&#8221;default&#8221; animation_type=&#8221;default&#8221; bg_image_animation=&#8221;none&#8221; border_type=&#8221;simple&#8221; column_border_width=&#8221;none&#8221; column_border_style=&#8221;solid&#8221;][vc_row_inner column_margin=&#8221;default&#8221; column_direction=&#8221;default&#8221; column_direction_tablet=&#8221;default&#8221; column_direction_phone=&#8221;default&#8221; text_align=&#8221;left&#8221; row_position=&#8221;default&#8221; row_position_tablet=&#8221;inherit&#8221; row_position_phone=&#8221;inherit&#8221; overflow=&#8221;visible&#8221; pointer_events=&#8221;all&#8221;][vc_column_inner column_padding=&#8221;no-extra-padding&#8221; column_padding_tablet=&#8221;inherit&#8221; column_padding_phone=&#8221;inherit&#8221; column_padding_position=&#8221;all&#8221; column_element_direction_desktop=&#8221;default&#8221; column_element_spacing=&#8221;default&#8221; desktop_text_alignment=&#8221;default&#8221; tablet_text_alignment=&#8221;default&#8221; phone_text_alignment=&#8221;default&#8221; background_color_opacity=&#8221;1&#8243; background_hover_color_opacity=&#8221;1&#8243; column_backdrop_filter=&#8221;none&#8221; column_shadow=&#8221;none&#8221; column_border_radius=&#8221;none&#8221; column_link_target=&#8221;_self&#8221; overflow=&#8221;visible&#8221; gradient_direction=&#8221;left_to_right&#8221; overlay_strength=&#8221;0.3&#8243; width=&#8221;1\/1&#8243; tablet_width_inherit=&#8221;default&#8221; animation_type=&#8221;default&#8221; bg_image_animation=&#8221;none&#8221; border_type=&#8221;simple&#8221; column_border_width=&#8221;none&#8221; column_border_style=&#8221;solid&#8221;][image_with_animation image_url=&#8221;https:\/\/themenectar.com\/img\/demo-media\/unsplash\/webp\/700-700-mountain-trees.webp&#8221; image_size=&#8221;full&#8221; animation_type=&#8221;entrance&#8221; animation=&#8221;Grow In&#8221; animation_easing=&#8221;default&#8221; animation_movement_type=&#8221;transform_y&#8221; hover_animation=&#8221;zoom-crop&#8221; alignment=&#8221;right&#8221; border_radius=&#8221;none&#8221; box_shadow=&#8221;none&#8221; image_loading=&#8221;default&#8221; max_width=&#8221;110%&#8221; max_width_mobile=&#8221;default&#8221;][\/vc_column_inner][\/vc_row_inner][\/vc_column][\/vc_row][vc_row type=&#8221;in_container&#8221; full_screen_row_position=&#8221;middle&#8221; column_margin=&#8221;default&#8221; column_direction=&#8221;default&#8221; column_direction_tablet=&#8221;default&#8221; column_direction_phone=&#8221;default&#8221; scene_position=&#8221;center&#8221; text_color=&#8221;dark&#8221; text_align=&#8221;left&#8221; row_border_radius=&#8221;none&#8221; row_border_radius_applies=&#8221;bg&#8221; overflow=&#8221;visible&#8221; overlay_strength=&#8221;0.3&#8243; gradient_direction=&#8221;left_to_right&#8221; shape_divider_position=&#8221;bottom&#8221; bg_image_animation=&#8221;none&#8221;][vc_column column_padding=&#8221;no-extra-padding&#8221; column_padding_tablet=&#8221;inherit&#8221; column_padding_phone=&#8221;inherit&#8221; column_padding_position=&#8221;all&#8221; column_element_direction_desktop=&#8221;default&#8221; column_element_spacing=&#8221;default&#8221; desktop_text_alignment=&#8221;default&#8221; tablet_text_alignment=&#8221;default&#8221; phone_text_alignment=&#8221;default&#8221; background_color_opacity=&#8221;1&#8243; background_hover_color_opacity=&#8221;1&#8243; column_backdrop_filter=&#8221;none&#8221; column_shadow=&#8221;none&#8221; column_border_radius=&#8221;none&#8221; column_link_target=&#8221;_self&#8221; column_position=&#8221;default&#8221; gradient_direction=&#8221;left_to_right&#8221; overlay_strength=&#8221;0.3&#8243; width=&#8221;1\/1&#8243; tablet_width_inherit=&#8221;default&#8221; animation_type=&#8221;default&#8221; bg_image_animation=&#8221;none&#8221; border_type=&#8221;simple&#8221; column_border_width=&#8221;none&#8221; column_border_style=&#8221;solid&#8221;]<div class=\"nectar-fancy-ul link_style_opacity\" data-list-icon=\"dot\" data-animation=\"true\" data-animation-delay=\"50\" data-spacing=\"default\" data-alignment=\"center\"> \n<p data-start=\"526\" data-end=\"543\"><strong data-start=\"526\" data-end=\"541\">Leistungen:<\/strong><\/p>\n<ul data-start=\"544\" data-end=\"795\">\n<li data-start=\"544\" data-end=\"598\">\n<p data-start=\"546\" data-end=\"598\">F\u00fcttern und frisches Wasser nach Ihren Anweisungen<\/p>\n<\/li>\n<li data-start=\"599\" data-end=\"627\">\n<p data-start=\"601\" data-end=\"627\">Reinigung des Katzenklos<\/p>\n<\/li>\n<li data-start=\"628\" data-end=\"684\">\n<p data-start=\"630\" data-end=\"684\">Spiel und sanfte Besch\u00e4ftigung zur Stressreduzierung<\/p>\n<\/li>\n<li data-start=\"685\" data-end=\"729\">\n<p data-start=\"687\" data-end=\"729\">Beobachtung von Gesundheit und Verhalten<\/p>\n<\/li>\n<li data-start=\"730\" data-end=\"761\">\n<p data-start=\"732\" data-end=\"761\">Auf Wunsch Medikamentengabe<\/p>\n<\/li>\n<li data-start=\"762\" data-end=\"795\">\n<p data-start=\"764\" data-end=\"795\">Regelm\u00e4\u00dfige Updates und Fotos<\/p>\n<\/li>\n<\/ul>\n <\/div>[\/vc_column][\/vc_row]\n","protected":false},"excerpt":{"rendered":"<p>[vc_row type=&#8221;full_width_background&#8221; full_screen_row_position=&#8221;middle&#8221; column_margin=&#8221;none&#8221; equal_height=&#8221;yes&#8221; content_placement=&#8221;middle&#8221; column_direction=&#8221;default&#8221; column_direction_tablet=&#8221;default&#8221; column_direction_phone=&#8221;default&#8221; scene_position=&#8221;center&#8221; top_padding=&#8221;6%&#8221; bottom_padding=&#8221;6%&#8221; text_color=&#8221;dark&#8221; text_align=&#8221;left&#8221; row_border_radius=&#8221;none&#8221; row_border_radius_applies=&#8221;bg&#8221; overflow=&#8221;visible&#8221; overlay_strength=&#8221;0.3&#8243; gradient_direction=&#8221;left_to_right&#8221; shape_divider_position=&#8221;bottom&#8221; bg_image_animation=&#8221;none&#8221; shape_type=&#8221;&#8221;][vc_column column_padding=&#8221;padding-12-percent&#8221; column_padding_tablet=&#8221;inherit&#8221; column_padding_phone=&#8221;inherit&#8221; column_padding_position=&#8221;all&#8221; column_element_direction_desktop=&#8221;default&#8221; column_element_spacing=&#8221;default&#8221; desktop_text_alignment=&#8221;default&#8221; tablet_text_alignment=&#8221;default&#8221;&#8230;<\/p>\n","protected":false},"author":1,"featured_media":420,"parent":0,"menu_order":0,"comment_status":"closed","ping_status":"closed","template":"","meta":{"footnotes":""},"class_list":["post-351","page","type-page","status-publish","has-post-thumbnail"],"yoast_head":"<!-- This site is optimized with the Yoast SEO plugin v27.5 - https:\/\/yoast.com\/product\/yoast-seo-wordpress\/ -->\n<title>Danzig Katzensitting \u2013 Zuverl\u00e4ssige Betreuung f\u00fcr Ihre Katze w\u00e4hrend Ihrer Abwesenheit - Opieka nad zwierz\u0119tami<\/title>\n<meta name=\"description\" content=\"Danzig Katzensitting\" \/>\n<meta name=\"robots\" content=\"index, follow, max-snippet:-1, max-image-preview:large, max-video-preview:-1\" \/>\n<link rel=\"canonical\" href=\"https:\/\/petsiterzy.pl\/index.php\/danzig-katzensitting-zuverlassige-betreuung-fur-ihre-katze-wahrend-ihrer-abwesenheit\/\" \/>\n<meta property=\"og:locale\" content=\"pl_PL\" \/>\n<meta property=\"og:type\" content=\"article\" \/>\n<meta property=\"og:title\" content=\"Danzig Katzensitting \u2013 Zuverl\u00e4ssige Betreuung f\u00fcr Ihre Katze w\u00e4hrend Ihrer Abwesenheit - Opieka nad zwierz\u0119tami\" \/>\n<meta property=\"og:description\" content=\"Danzig Katzensitting\" \/>\n<meta property=\"og:url\" content=\"https:\/\/petsiterzy.pl\/index.php\/danzig-katzensitting-zuverlassige-betreuung-fur-ihre-katze-wahrend-ihrer-abwesenheit\/\" \/>\n<meta property=\"og:site_name\" content=\"Opieka nad zwierz\u0119tami\" \/>\n<meta property=\"article:modified_time\" content=\"2026-05-02T09:02:43+00:00\" \/>\n<meta property=\"og:image\" content=\"https:\/\/petsiterzy.pl\/wp-content\/uploads\/2026\/05\/wypadek-drogowy-2026-05-02T110214.815.png\" \/>\n\t<meta property=\"og:image:width\" content=\"1200\" \/>\n\t<meta property=\"og:image:height\" content=\"675\" \/>\n\t<meta property=\"og:image:type\" content=\"image\/png\" \/>\n<meta name=\"twitter:card\" content=\"summary_large_image\" \/>\n<meta name=\"twitter:label1\" content=\"Szacowany czas czytania\" \/>\n\t<meta name=\"twitter:data1\" content=\"1 minuta\" \/>\n<script type=\"application\/ld+json\" class=\"yoast-schema-graph\">{\"@context\":\"https:\\\/\\\/schema.org\",\"@graph\":[{\"@type\":\"WebPage\",\"@id\":\"https:\\\/\\\/petsiterzy.pl\\\/index.php\\\/danzig-katzensitting-zuverlassige-betreuung-fur-ihre-katze-wahrend-ihrer-abwesenheit\\\/\",\"url\":\"https:\\\/\\\/petsiterzy.pl\\\/index.php\\\/danzig-katzensitting-zuverlassige-betreuung-fur-ihre-katze-wahrend-ihrer-abwesenheit\\\/\",\"name\":\"Danzig Katzensitting \u2013 Zuverl\u00e4ssige Betreuung f\u00fcr Ihre Katze w\u00e4hrend Ihrer Abwesenheit - Opieka nad zwierz\u0119tami\",\"isPartOf\":{\"@id\":\"https:\\\/\\\/petsiterzy.pl\\\/#website\"},\"primaryImageOfPage\":{\"@id\":\"https:\\\/\\\/petsiterzy.pl\\\/index.php\\\/danzig-katzensitting-zuverlassige-betreuung-fur-ihre-katze-wahrend-ihrer-abwesenheit\\\/#primaryimage\"},\"image\":{\"@id\":\"https:\\\/\\\/petsiterzy.pl\\\/index.php\\\/danzig-katzensitting-zuverlassige-betreuung-fur-ihre-katze-wahrend-ihrer-abwesenheit\\\/#primaryimage\"},\"thumbnailUrl\":\"https:\\\/\\\/petsiterzy.pl\\\/wp-content\\\/uploads\\\/2026\\\/05\\\/wypadek-drogowy-2026-05-02T110214.815.png\",\"datePublished\":\"2025-06-29T16:26:31+00:00\",\"dateModified\":\"2026-05-02T09:02:43+00:00\",\"description\":\"Danzig Katzensitting\",\"breadcrumb\":{\"@id\":\"https:\\\/\\\/petsiterzy.pl\\\/index.php\\\/danzig-katzensitting-zuverlassige-betreuung-fur-ihre-katze-wahrend-ihrer-abwesenheit\\\/#breadcrumb\"},\"inLanguage\":\"pl-PL\",\"potentialAction\":[{\"@type\":\"ReadAction\",\"target\":[\"https:\\\/\\\/petsiterzy.pl\\\/index.php\\\/danzig-katzensitting-zuverlassige-betreuung-fur-ihre-katze-wahrend-ihrer-abwesenheit\\\/\"]}]},{\"@type\":\"ImageObject\",\"inLanguage\":\"pl-PL\",\"@id\":\"https:\\\/\\\/petsiterzy.pl\\\/index.php\\\/danzig-katzensitting-zuverlassige-betreuung-fur-ihre-katze-wahrend-ihrer-abwesenheit\\\/#primaryimage\",\"url\":\"https:\\\/\\\/petsiterzy.pl\\\/wp-content\\\/uploads\\\/2026\\\/05\\\/wypadek-drogowy-2026-05-02T110214.815.png\",\"contentUrl\":\"https:\\\/\\\/petsiterzy.pl\\\/wp-content\\\/uploads\\\/2026\\\/05\\\/wypadek-drogowy-2026-05-02T110214.815.png\",\"width\":1200,\"height\":675,\"caption\":\"Danzig Katzensitting\"},{\"@type\":\"BreadcrumbList\",\"@id\":\"https:\\\/\\\/petsiterzy.pl\\\/index.php\\\/danzig-katzensitting-zuverlassige-betreuung-fur-ihre-katze-wahrend-ihrer-abwesenheit\\\/#breadcrumb\",\"itemListElement\":[{\"@type\":\"ListItem\",\"position\":1,\"name\":\"Strona g\u0142\u00f3wna\",\"item\":\"https:\\\/\\\/petsiterzy.pl\\\/\"},{\"@type\":\"ListItem\",\"position\":2,\"name\":\"Danzig Katzensitting \u2013 Zuverl\u00e4ssige Betreuung f\u00fcr Ihre Katze w\u00e4hrend Ihrer Abwesenheit\"}]},{\"@type\":\"WebSite\",\"@id\":\"https:\\\/\\\/petsiterzy.pl\\\/#website\",\"url\":\"https:\\\/\\\/petsiterzy.pl\\\/\",\"name\":\"Opieka nad zwierz\u0119tami w domu | Petsiterzy.pl\",\"description\":\"\",\"potentialAction\":[{\"@type\":\"SearchAction\",\"target\":{\"@type\":\"EntryPoint\",\"urlTemplate\":\"https:\\\/\\\/petsiterzy.pl\\\/?s={search_term_string}\"},\"query-input\":{\"@type\":\"PropertyValueSpecification\",\"valueRequired\":true,\"valueName\":\"search_term_string\"}}],\"inLanguage\":\"pl-PL\"}]}<\/script>\n<!-- \/ Yoast SEO plugin. -->","yoast_head_json":{"title":"Danzig Katzensitting \u2013 Zuverl\u00e4ssige Betreuung f\u00fcr Ihre Katze w\u00e4hrend Ihrer Abwesenheit - Opieka nad zwierz\u0119tami","description":"Danzig Katzensitting","robots":{"index":"index","follow":"follow","max-snippet":"max-snippet:-1","max-image-preview":"max-image-preview:large","max-video-preview":"max-video-preview:-1"},"canonical":"https:\/\/petsiterzy.pl\/index.php\/danzig-katzensitting-zuverlassige-betreuung-fur-ihre-katze-wahrend-ihrer-abwesenheit\/","og_locale":"pl_PL","og_type":"article","og_title":"Danzig Katzensitting \u2013 Zuverl\u00e4ssige Betreuung f\u00fcr Ihre Katze w\u00e4hrend Ihrer Abwesenheit - Opieka nad zwierz\u0119tami","og_description":"Danzig Katzensitting","og_url":"https:\/\/petsiterzy.pl\/index.php\/danzig-katzensitting-zuverlassige-betreuung-fur-ihre-katze-wahrend-ihrer-abwesenheit\/","og_site_name":"Opieka nad zwierz\u0119tami","article_modified_time":"2026-05-02T09:02:43+00:00","og_image":[{"width":1200,"height":675,"url":"https:\/\/petsiterzy.pl\/wp-content\/uploads\/2026\/05\/wypadek-drogowy-2026-05-02T110214.815.png","type":"image\/png"}],"twitter_card":"summary_large_image","twitter_misc":{"Szacowany czas czytania":"1 minuta"},"schema":{"@context":"https:\/\/schema.org","@graph":[{"@type":"WebPage","@id":"https:\/\/petsiterzy.pl\/index.php\/danzig-katzensitting-zuverlassige-betreuung-fur-ihre-katze-wahrend-ihrer-abwesenheit\/","url":"https:\/\/petsiterzy.pl\/index.php\/danzig-katzensitting-zuverlassige-betreuung-fur-ihre-katze-wahrend-ihrer-abwesenheit\/","name":"Danzig Katzensitting \u2013 Zuverl\u00e4ssige Betreuung f\u00fcr Ihre Katze w\u00e4hrend Ihrer Abwesenheit - Opieka nad zwierz\u0119tami","isPartOf":{"@id":"https:\/\/petsiterzy.pl\/#website"},"primaryImageOfPage":{"@id":"https:\/\/petsiterzy.pl\/index.php\/danzig-katzensitting-zuverlassige-betreuung-fur-ihre-katze-wahrend-ihrer-abwesenheit\/#primaryimage"},"image":{"@id":"https:\/\/petsiterzy.pl\/index.php\/danzig-katzensitting-zuverlassige-betreuung-fur-ihre-katze-wahrend-ihrer-abwesenheit\/#primaryimage"},"thumbnailUrl":"https:\/\/petsiterzy.pl\/wp-content\/uploads\/2026\/05\/wypadek-drogowy-2026-05-02T110214.815.png","datePublished":"2025-06-29T16:26:31+00:00","dateModified":"2026-05-02T09:02:43+00:00","description":"Danzig Katzensitting","breadcrumb":{"@id":"https:\/\/petsiterzy.pl\/index.php\/danzig-katzensitting-zuverlassige-betreuung-fur-ihre-katze-wahrend-ihrer-abwesenheit\/#breadcrumb"},"inLanguage":"pl-PL","potentialAction":[{"@type":"ReadAction","target":["https:\/\/petsiterzy.pl\/index.php\/danzig-katzensitting-zuverlassige-betreuung-fur-ihre-katze-wahrend-ihrer-abwesenheit\/"]}]},{"@type":"ImageObject","inLanguage":"pl-PL","@id":"https:\/\/petsiterzy.pl\/index.php\/danzig-katzensitting-zuverlassige-betreuung-fur-ihre-katze-wahrend-ihrer-abwesenheit\/#primaryimage","url":"https:\/\/petsiterzy.pl\/wp-content\/uploads\/2026\/05\/wypadek-drogowy-2026-05-02T110214.815.png","contentUrl":"https:\/\/petsiterzy.pl\/wp-content\/uploads\/2026\/05\/wypadek-drogowy-2026-05-02T110214.815.png","width":1200,"height":675,"caption":"Danzig Katzensitting"},{"@type":"BreadcrumbList","@id":"https:\/\/petsiterzy.pl\/index.php\/danzig-katzensitting-zuverlassige-betreuung-fur-ihre-katze-wahrend-ihrer-abwesenheit\/#breadcrumb","itemListElement":[{"@type":"ListItem","position":1,"name":"Strona g\u0142\u00f3wna","item":"https:\/\/petsiterzy.pl\/"},{"@type":"ListItem","position":2,"name":"Danzig Katzensitting \u2013 Zuverl\u00e4ssige Betreuung f\u00fcr Ihre Katze w\u00e4hrend Ihrer Abwesenheit"}]},{"@type":"WebSite","@id":"https:\/\/petsiterzy.pl\/#website","url":"https:\/\/petsiterzy.pl\/","name":"Opieka nad zwierz\u0119tami w domu | Petsiterzy.pl","description":"","potentialAction":[{"@type":"SearchAction","target":{"@type":"EntryPoint","urlTemplate":"https:\/\/petsiterzy.pl\/?s={search_term_string}"},"query-input":{"@type":"PropertyValueSpecification","valueRequired":true,"valueName":"search_term_string"}}],"inLanguage":"pl-PL"}]}},"_links":{"self":[{"href":"https:\/\/petsiterzy.pl\/index.php\/wp-json\/wp\/v2\/pages\/351","targetHints":{"allow":["GET"]}}],"collection":[{"href":"https:\/\/petsiterzy.pl\/index.php\/wp-json\/wp\/v2\/pages"}],"about":[{"href":"https:\/\/petsiterzy.pl\/index.php\/wp-json\/wp\/v2\/types\/page"}],"author":[{"embeddable":true,"href":"https:\/\/petsiterzy.pl\/index.php\/wp-json\/wp\/v2\/users\/1"}],"replies":[{"embeddable":true,"href":"https:\/\/petsiterzy.pl\/index.php\/wp-json\/wp\/v2\/comments?post=351"}],"version-history":[{"count":4,"href":"https:\/\/petsiterzy.pl\/index.php\/wp-json\/wp\/v2\/pages\/351\/revisions"}],"predecessor-version":[{"id":421,"href":"https:\/\/petsiterzy.pl\/index.php\/wp-json\/wp\/v2\/pages\/351\/revisions\/421"}],"wp:featuredmedia":[{"embeddable":true,"href":"https:\/\/petsiterzy.pl\/index.php\/wp-json\/wp\/v2\/media\/420"}],"wp:attachment":[{"href":"https:\/\/petsiterzy.pl\/index.php\/wp-json\/wp\/v2\/media?parent=351"}],"curies":[{"name":"wp","href":"https:\/\/api.w.org\/{rel}","templated":true}]}}