{"id":576,"date":"2026-05-02T17:04:45","date_gmt":"2026-05-02T17:04:45","guid":{"rendered":"https:\/\/petsiterzy.pl\/?page_id=576"},"modified":"2026-05-02T17:08:31","modified_gmt":"2026-05-02T17:08:31","slug":"opieka-w-sopocie","status":"publish","type":"page","link":"https:\/\/petsiterzy.pl\/index.php\/opieka-w-sopocie\/","title":{"rendered":"Opieka w Sopocie"},"content":{"rendered":"[vc_row type=&#8221;full_width_content&#8221; full_screen_row_position=&#8221;middle&#8221; column_margin=&#8221;default&#8221; column_direction=&#8221;default&#8221; column_direction_tablet=&#8221;default&#8221; column_direction_phone=&#8221;default&#8221; scene_position=&#8221;center&#8221; top_padding=&#8221;5%&#8221; constrain_group_1=&#8221;yes&#8221; bottom_padding=&#8221;5%&#8221; left_padding_desktop=&#8221;6%&#8221; constrain_group_2=&#8221;yes&#8221; right_padding_desktop=&#8221;6%&#8221; top_padding_tablet=&#8221;10%&#8221; constrain_group_3=&#8221;yes&#8221; bottom_padding_tablet=&#8221;10%&#8221; text_color=&#8221;dark&#8221; text_align=&#8221;left&#8221; row_border_radius=&#8221;none&#8221; row_border_radius_applies=&#8221;bg&#8221; overflow=&#8221;visible&#8221; id=&#8221;about&#8221; advanced_gradient_angle=&#8221;0&#8243; overlay_strength=&#8221;0.3&#8243; gradient_direction=&#8221;left_to_right&#8221; shape_divider_position=&#8221;bottom&#8221; bg_image_animation=&#8221;none&#8221; gradient_type=&#8221;default&#8221; shape_type=&#8221;&#8221;][vc_column column_padding=&#8221;no-extra-padding&#8221; column_padding_tablet=&#8221;inherit&#8221; column_padding_phone=&#8221;inherit&#8221; column_padding_position=&#8221;all&#8221; column_element_direction_desktop=&#8221;default&#8221; column_element_spacing=&#8221;default&#8221; desktop_text_alignment=&#8221;default&#8221; tablet_text_alignment=&#8221;default&#8221; phone_text_alignment=&#8221;default&#8221; background_color_opacity=&#8221;1&#8243; background_hover_color_opacity=&#8221;1&#8243; column_backdrop_filter=&#8221;none&#8221; column_shadow=&#8221;none&#8221; column_border_radius=&#8221;none&#8221; column_link_target=&#8221;_self&#8221; column_position=&#8221;default&#8221; gradient_direction=&#8221;left_to_right&#8221; overlay_strength=&#8221;0.3&#8243; width=&#8221;1\/1&#8243; tablet_width_inherit=&#8221;default&#8221; animation_type=&#8221;default&#8221; bg_image_animation=&#8221;none&#8221; border_type=&#8221;simple&#8221; column_border_width=&#8221;none&#8221; column_border_style=&#8221;solid&#8221;][vc_row_inner equal_height=&#8221;yes&#8221; content_placement=&#8221;middle&#8221; column_margin=&#8221;default&#8221; column_direction=&#8221;default&#8221; column_direction_tablet=&#8221;default&#8221; column_direction_phone=&#8221;default&#8221; text_align=&#8221;left&#8221; row_position=&#8221;default&#8221; row_position_tablet=&#8221;inherit&#8221; row_position_phone=&#8221;inherit&#8221; overflow=&#8221;visible&#8221; pointer_events=&#8221;all&#8221;][vc_column_inner column_padding=&#8221;no-extra-padding&#8221; column_padding_tablet=&#8221;inherit&#8221; column_padding_phone=&#8221;inherit&#8221; column_padding_position=&#8221;all&#8221; bottom_margin_tablet=&#8221;40&#8243; column_element_direction_desktop=&#8221;default&#8221; column_element_spacing=&#8221;default&#8221; desktop_text_alignment=&#8221;default&#8221; tablet_text_alignment=&#8221;default&#8221; phone_text_alignment=&#8221;default&#8221; background_color_opacity=&#8221;1&#8243; background_hover_color_opacity=&#8221;1&#8243; background_image=&#8221;581&#8243; background_image_position=&#8221;center center&#8221; background_image_stacking=&#8221;default&#8221; enable_bg_scale=&#8221;true&#8221; background_image_loading=&#8221;default&#8221; column_backdrop_filter=&#8221;none&#8221; column_shadow=&#8221;none&#8221; column_border_radius=&#8221;none&#8221; column_link_target=&#8221;_self&#8221; overflow=&#8221;visible&#8221; advanced_gradient_angle=&#8221;0&#8243; gradient_direction=&#8221;left_to_right&#8221; overlay_strength=&#8221;0.3&#8243; width=&#8221;2\/3&#8243; tablet_width_inherit=&#8221;default&#8221; animation_type=&#8221;default&#8221; bg_image_animation=&#8221;none&#8221; parallax_bg=&#8221;true&#8221; parallax_bg_speed=&#8221;very_subtle&#8221; border_type=&#8221;simple&#8221; column_border_width=&#8221;none&#8221; column_border_style=&#8221;solid&#8221; gradient_type=&#8221;default&#8221; column_padding_type=&#8221;default&#8221;][divider line_type=&#8221;No Line&#8221; custom_height_tablet=&#8221;75vh&#8221;][\/vc_column_inner][vc_column_inner column_padding=&#8221;padding-6-percent&#8221; column_padding_tablet=&#8221;no-extra-padding&#8221; column_padding_phone=&#8221;no-extra-padding&#8221; column_padding_position=&#8221;left&#8221; column_element_direction_desktop=&#8221;default&#8221; column_element_spacing=&#8221;default&#8221; desktop_text_alignment=&#8221;default&#8221; tablet_text_alignment=&#8221;default&#8221; phone_text_alignment=&#8221;default&#8221; background_color_opacity=&#8221;1&#8243; background_hover_color_opacity=&#8221;1&#8243; column_backdrop_filter=&#8221;none&#8221; column_shadow=&#8221;none&#8221; column_border_radius=&#8221;none&#8221; column_link_target=&#8221;_self&#8221; overflow=&#8221;visible&#8221; advanced_gradient_angle=&#8221;0&#8243; gradient_direction=&#8221;left_to_right&#8221; overlay_strength=&#8221;0.3&#8243; width=&#8221;1\/3&#8243; tablet_width_inherit=&#8221;default&#8221; animation_type=&#8221;parallax&#8221; animation_movement_type=&#8221;default&#8221; column_parallax_intensity=&#8221;1&#8243; bg_image_animation=&#8221;none&#8221; border_type=&#8221;simple&#8221; column_border_width=&#8221;none&#8221; column_border_style=&#8221;solid&#8221; gradient_type=&#8221;default&#8221;][divider line_type=&#8221;No Line&#8221; custom_height=&#8221;30vh&#8221; custom_height_tablet=&#8221;0&#8243;][split_line_heading animation_type=&#8221;line-reveal-by-space&#8221; font_style=&#8221;h5&#8243; line_reveal_by_space_text_effect=&#8221;default&#8221; stagger_animation=&#8221;true&#8221; content_alignment=&#8221;default&#8221; mobile_content_alignment=&#8221;inherit&#8221; link_target=&#8221;_self&#8221; text_content=&#8221;Poznaj szczeg\u00f3\u0142y us\u0142ugi opieki nad zwierz\u0119tami i wybierz wygodne rozwi\u0105zanie dopasowane do potrzeb Twojego pupila.&#8221; font_size=&#8221;2vw&#8221; text_direction=&#8221;default&#8221;][\/split_line_heading][split_line_heading animation_type=&#8221;line-reveal-by-space&#8221; font_style=&#8221;p&#8221; line_reveal_by_space_text_effect=&#8221;none&#8221; content_alignment=&#8221;default&#8221; mobile_content_alignment=&#8221;inherit&#8221; link_target=&#8221;_self&#8221; text_content=&#8221;Opieka nad zwierz\u0119tami to wygodne i bezpieczne rozwi\u0105zanie dla os\u00f3b, kt\u00f3re chc\u0105 zapewni\u0107 swojemu pupilowi trosk\u0119, uwag\u0119 i odpowiedni\u0105 opiek\u0119 wtedy, gdy same nie zawsze mog\u0105 by\u0107 na miejscu. Ka\u017cda us\u0142uga realizowana jest z my\u015bl\u0105 o komforcie zwierz\u0119cia, jego przyzwyczajeniach oraz codziennych potrzebach.&#8221; font_size=&#8221;1.1vw&#8221; font_line_height=&#8221;1.7&#8243; font_size_tablet=&#8221;18&#8243; font_size_phone=&#8221;16&#8243; text_direction=&#8221;default&#8221;][\/split_line_heading][split_line_heading animation_type=&#8221;line-reveal-by-space&#8221; font_style=&#8221;p&#8221; line_reveal_by_space_text_effect=&#8221;none&#8221; content_alignment=&#8221;default&#8221; mobile_content_alignment=&#8221;inherit&#8221; link_target=&#8221;_self&#8221; text_content=&#8221;Sopot to wyj\u0105tkowe miejsce, gdzie spok\u00f3j i rytm dnia maj\u0105 ogromne znaczenie tak\u017ce dla zwierz\u0105t. Zapewniam profesjonaln\u0105 opiek\u0119 behawioraln\u0105, kt\u00f3ra uwzgl\u0119dnia charakter kota, jego przyzwyczajenia i potrzeby emocjonalne. Ka\u017cda wizyta to co\u015b wi\u0119cej ni\u017c obowi\u0105zek &#8211; to \u015bwiadome wsparcie dobrostanu Twojego pupila, kiedy nie ma Ci\u0119 w domu.&#8221; font_size=&#8221;1.1vw&#8221; font_line_height=&#8221;1.7&#8243; font_size_tablet=&#8221;18&#8243; font_size_phone=&#8221;16&#8243; text_direction=&#8221;default&#8221;][\/split_line_heading][nectar_cta btn_style=&#8221;arrow-animation&#8221; heading_tag=&#8221;h6&#8243; button_color=&#8221;default&#8221; text_color=&#8221;#000000&#8243; button_border_color=&#8221;#cccccc&#8221; button_border_color_hover=&#8221;#0a0a0a&#8221; button_border_thickness=&#8221;1px&#8221; link_type=&#8221;regular&#8221; alignment=&#8221;left&#8221; alignment_tablet=&#8221;default&#8221; alignment_phone=&#8221;default&#8221; constrain_group_3=&#8221;yes&#8221; constrain_group_4=&#8221;yes&#8221; display=&#8221;block&#8221; display_tablet=&#8221;inherit&#8221; display_phone=&#8221;inherit&#8221; link_text=&#8221;Zam\u00f3w opiek\u0119 dla swojego podopiecznego&#8221; margin_top=&#8221;50&#8243; padding_top=&#8221;15&#8243; padding_bottom=&#8221;15&#8243; padding_left=&#8221;40&#8243; padding_right=&#8221;40&#8243; url=&#8221;https:\/\/kocie-porady.pl\/sklep\/index.php\/kategoria-produktu\/opieka-nad-zwierzetami\/&#8221;][divider line_type=&#8221;No Line&#8221; custom_height=&#8221;30vh&#8221; custom_height_tablet=&#8221;0&#8243; custom_height_phone=&#8221;0&#8243;][\/vc_column_inner][\/vc_row_inner][\/vc_column][\/vc_row]\n","protected":false},"excerpt":{"rendered":"<p>[vc_row type=&#8221;full_width_content&#8221; full_screen_row_position=&#8221;middle&#8221; column_margin=&#8221;default&#8221; column_direction=&#8221;default&#8221; column_direction_tablet=&#8221;default&#8221; column_direction_phone=&#8221;default&#8221; scene_position=&#8221;center&#8221; top_padding=&#8221;5%&#8221; constrain_group_1=&#8221;yes&#8221; bottom_padding=&#8221;5%&#8221; left_padding_desktop=&#8221;6%&#8221; constrain_group_2=&#8221;yes&#8221; right_padding_desktop=&#8221;6%&#8221; top_padding_tablet=&#8221;10%&#8221; constrain_group_3=&#8221;yes&#8221; bottom_padding_tablet=&#8221;10%&#8221; text_color=&#8221;dark&#8221; text_align=&#8221;left&#8221; row_border_radius=&#8221;none&#8221; row_border_radius_applies=&#8221;bg&#8221; overflow=&#8221;visible&#8221; id=&#8221;about&#8221; advanced_gradient_angle=&#8221;0&#8243; overlay_strength=&#8221;0.3&#8243; gradient_direction=&#8221;left_to_right&#8221; shape_divider_position=&#8221;bottom&#8221; bg_image_animation=&#8221;none&#8221; gradient_type=&#8221;default&#8221; shape_type=&#8221;&#8221;][vc_column&#8230;<\/p>\n","protected":false},"author":1,"featured_media":0,"parent":0,"menu_order":0,"comment_status":"closed","ping_status":"closed","template":"","meta":{"footnotes":""},"class_list":["post-576","page","type-page","status-publish"],"yoast_head":"<!-- This site is optimized with the Yoast SEO plugin v27.5 - https:\/\/yoast.com\/product\/yoast-seo-wordpress\/ -->\n<title>Opieka w Sopocie - Opieka nad zwierz\u0119tami<\/title>\n<meta name=\"description\" content=\"Opieka nad kotem w Sopocie w jego w\u0142asnym domu. Spok\u00f3j, bezpiecze\u0144stwo i wsparcie behawioralne dopasowane do potrzeb Twojego kota.\" \/>\n<meta name=\"robots\" content=\"index, follow, max-snippet:-1, max-image-preview:large, max-video-preview:-1\" \/>\n<link rel=\"canonical\" href=\"https:\/\/petsiterzy.pl\/index.php\/opieka-w-sopocie\/\" \/>\n<meta property=\"og:locale\" content=\"pl_PL\" \/>\n<meta property=\"og:type\" content=\"article\" \/>\n<meta property=\"og:title\" content=\"Opieka w Sopocie - Opieka nad zwierz\u0119tami\" \/>\n<meta property=\"og:description\" content=\"Opieka nad kotem w Sopocie w jego w\u0142asnym domu. Spok\u00f3j, bezpiecze\u0144stwo i wsparcie behawioralne dopasowane do potrzeb Twojego kota.\" \/>\n<meta property=\"og:url\" content=\"https:\/\/petsiterzy.pl\/index.php\/opieka-w-sopocie\/\" \/>\n<meta property=\"og:site_name\" content=\"Opieka nad zwierz\u0119tami\" \/>\n<meta property=\"article:modified_time\" content=\"2026-05-02T17:08:31+00:00\" \/>\n<meta property=\"og:image\" content=\"https:\/\/petsiterzy.pl\/wp-content\/uploads\/2026\/05\/wypadek-drogowy-2026-05-01T015856.295.png\" \/>\n\t<meta property=\"og:image:width\" content=\"1200\" \/>\n\t<meta property=\"og:image:height\" content=\"675\" \/>\n\t<meta property=\"og:image:type\" content=\"image\/png\" \/>\n<meta name=\"twitter:card\" content=\"summary_large_image\" \/>\n<meta name=\"twitter:label1\" content=\"Szacowany czas czytania\" \/>\n\t<meta name=\"twitter:data1\" content=\"1 minuta\" \/>\n<script type=\"application\/ld+json\" class=\"yoast-schema-graph\">{\"@context\":\"https:\\\/\\\/schema.org\",\"@graph\":[{\"@type\":\"WebPage\",\"@id\":\"https:\\\/\\\/petsiterzy.pl\\\/index.php\\\/opieka-w-sopocie\\\/\",\"url\":\"https:\\\/\\\/petsiterzy.pl\\\/index.php\\\/opieka-w-sopocie\\\/\",\"name\":\"Opieka w Sopocie - Opieka nad zwierz\u0119tami\",\"isPartOf\":{\"@id\":\"https:\\\/\\\/petsiterzy.pl\\\/#website\"},\"datePublished\":\"2026-05-02T17:04:45+00:00\",\"dateModified\":\"2026-05-02T17:08:31+00:00\",\"description\":\"Opieka nad kotem w Sopocie w jego w\u0142asnym domu. Spok\u00f3j, bezpiecze\u0144stwo i wsparcie behawioralne dopasowane do potrzeb Twojego kota.\",\"breadcrumb\":{\"@id\":\"https:\\\/\\\/petsiterzy.pl\\\/index.php\\\/opieka-w-sopocie\\\/#breadcrumb\"},\"inLanguage\":\"pl-PL\",\"potentialAction\":[{\"@type\":\"ReadAction\",\"target\":[\"https:\\\/\\\/petsiterzy.pl\\\/index.php\\\/opieka-w-sopocie\\\/\"]}]},{\"@type\":\"BreadcrumbList\",\"@id\":\"https:\\\/\\\/petsiterzy.pl\\\/index.php\\\/opieka-w-sopocie\\\/#breadcrumb\",\"itemListElement\":[{\"@type\":\"ListItem\",\"position\":1,\"name\":\"Strona g\u0142\u00f3wna\",\"item\":\"https:\\\/\\\/petsiterzy.pl\\\/\"},{\"@type\":\"ListItem\",\"position\":2,\"name\":\"Opieka w Sopocie\"}]},{\"@type\":\"WebSite\",\"@id\":\"https:\\\/\\\/petsiterzy.pl\\\/#website\",\"url\":\"https:\\\/\\\/petsiterzy.pl\\\/\",\"name\":\"Opieka nad zwierz\u0119tami w domu | Petsiterzy.pl\",\"description\":\"\",\"potentialAction\":[{\"@type\":\"SearchAction\",\"target\":{\"@type\":\"EntryPoint\",\"urlTemplate\":\"https:\\\/\\\/petsiterzy.pl\\\/?s={search_term_string}\"},\"query-input\":{\"@type\":\"PropertyValueSpecification\",\"valueRequired\":true,\"valueName\":\"search_term_string\"}}],\"inLanguage\":\"pl-PL\"}]}<\/script>\n<!-- \/ Yoast SEO plugin. -->","yoast_head_json":{"title":"Opieka w Sopocie - Opieka nad zwierz\u0119tami","description":"Opieka nad kotem w Sopocie w jego w\u0142asnym domu. Spok\u00f3j, bezpiecze\u0144stwo i wsparcie behawioralne dopasowane do potrzeb Twojego kota.","robots":{"index":"index","follow":"follow","max-snippet":"max-snippet:-1","max-image-preview":"max-image-preview:large","max-video-preview":"max-video-preview:-1"},"canonical":"https:\/\/petsiterzy.pl\/index.php\/opieka-w-sopocie\/","og_locale":"pl_PL","og_type":"article","og_title":"Opieka w Sopocie - Opieka nad zwierz\u0119tami","og_description":"Opieka nad kotem w Sopocie w jego w\u0142asnym domu. Spok\u00f3j, bezpiecze\u0144stwo i wsparcie behawioralne dopasowane do potrzeb Twojego kota.","og_url":"https:\/\/petsiterzy.pl\/index.php\/opieka-w-sopocie\/","og_site_name":"Opieka nad zwierz\u0119tami","article_modified_time":"2026-05-02T17:08:31+00:00","og_image":[{"width":1200,"height":675,"url":"https:\/\/petsiterzy.pl\/wp-content\/uploads\/2026\/05\/wypadek-drogowy-2026-05-01T015856.295.png","type":"image\/png"}],"twitter_card":"summary_large_image","twitter_misc":{"Szacowany czas czytania":"1 minuta"},"schema":{"@context":"https:\/\/schema.org","@graph":[{"@type":"WebPage","@id":"https:\/\/petsiterzy.pl\/index.php\/opieka-w-sopocie\/","url":"https:\/\/petsiterzy.pl\/index.php\/opieka-w-sopocie\/","name":"Opieka w Sopocie - Opieka nad zwierz\u0119tami","isPartOf":{"@id":"https:\/\/petsiterzy.pl\/#website"},"datePublished":"2026-05-02T17:04:45+00:00","dateModified":"2026-05-02T17:08:31+00:00","description":"Opieka nad kotem w Sopocie w jego w\u0142asnym domu. Spok\u00f3j, bezpiecze\u0144stwo i wsparcie behawioralne dopasowane do potrzeb Twojego kota.","breadcrumb":{"@id":"https:\/\/petsiterzy.pl\/index.php\/opieka-w-sopocie\/#breadcrumb"},"inLanguage":"pl-PL","potentialAction":[{"@type":"ReadAction","target":["https:\/\/petsiterzy.pl\/index.php\/opieka-w-sopocie\/"]}]},{"@type":"BreadcrumbList","@id":"https:\/\/petsiterzy.pl\/index.php\/opieka-w-sopocie\/#breadcrumb","itemListElement":[{"@type":"ListItem","position":1,"name":"Strona g\u0142\u00f3wna","item":"https:\/\/petsiterzy.pl\/"},{"@type":"ListItem","position":2,"name":"Opieka w Sopocie"}]},{"@type":"WebSite","@id":"https:\/\/petsiterzy.pl\/#website","url":"https:\/\/petsiterzy.pl\/","name":"Opieka nad zwierz\u0119tami w domu | Petsiterzy.pl","description":"","potentialAction":[{"@type":"SearchAction","target":{"@type":"EntryPoint","urlTemplate":"https:\/\/petsiterzy.pl\/?s={search_term_string}"},"query-input":{"@type":"PropertyValueSpecification","valueRequired":true,"valueName":"search_term_string"}}],"inLanguage":"pl-PL"}]}},"_links":{"self":[{"href":"https:\/\/petsiterzy.pl\/index.php\/wp-json\/wp\/v2\/pages\/576","targetHints":{"allow":["GET"]}}],"collection":[{"href":"https:\/\/petsiterzy.pl\/index.php\/wp-json\/wp\/v2\/pages"}],"about":[{"href":"https:\/\/petsiterzy.pl\/index.php\/wp-json\/wp\/v2\/types\/page"}],"author":[{"embeddable":true,"href":"https:\/\/petsiterzy.pl\/index.php\/wp-json\/wp\/v2\/users\/1"}],"replies":[{"embeddable":true,"href":"https:\/\/petsiterzy.pl\/index.php\/wp-json\/wp\/v2\/comments?post=576"}],"version-history":[{"count":2,"href":"https:\/\/petsiterzy.pl\/index.php\/wp-json\/wp\/v2\/pages\/576\/revisions"}],"predecessor-version":[{"id":582,"href":"https:\/\/petsiterzy.pl\/index.php\/wp-json\/wp\/v2\/pages\/576\/revisions\/582"}],"wp:attachment":[{"href":"https:\/\/petsiterzy.pl\/index.php\/wp-json\/wp\/v2\/media?parent=576"}],"curies":[{"name":"wp","href":"https:\/\/api.w.org\/{rel}","templated":true}]}}