{"id":8,"date":"2022-05-30T19:11:08","date_gmt":"2022-05-30T19:11:08","guid":{"rendered":"https:\/\/petsiterzy.pl\/?page_id=8"},"modified":"2026-05-02T08:51:48","modified_gmt":"2026-05-02T08:51:48","slug":"opiekad-nad-zwierzetami","status":"publish","type":"page","link":"https:\/\/petsiterzy.pl\/index.php\/opiekad-nad-zwierzetami\/","title":{"rendered":"Opiekad nad zwierz\u0119tami"},"content":{"rendered":"","protected":false},"excerpt":{"rendered":"","protected":false},"author":1,"featured_media":0,"parent":0,"menu_order":0,"comment_status":"closed","ping_status":"closed","template":"","meta":{"footnotes":""},"class_list":["post-8","page","type-page","status-publish"],"yoast_head":"<!-- This site is optimized with the Yoast SEO Premium plugin v27.5 (Yoast SEO v27.5) - https:\/\/yoast.com\/product\/yoast-seo-premium-wordpress\/ -->\n<title>Opiekad nad zwierz\u0119tami - Opieka nad zwierz\u0119tami<\/title>\n<meta name=\"description\" content=\"Opiekad nad zwierz\u0119tami\" \/>\n<meta name=\"robots\" content=\"index, follow, max-snippet:-1, max-image-preview:large, max-video-preview:-1\" \/>\n<link rel=\"canonical\" href=\"https:\/\/petsiterzy.pl\/index.php\/opiekad-nad-zwierzetami\/\" \/>\n<meta property=\"og:locale\" content=\"pl_PL\" \/>\n<meta property=\"og:type\" content=\"article\" \/>\n<meta property=\"og:title\" content=\"Opiekad nad zwierz\u0119tami\" \/>\n<meta property=\"og:description\" content=\"Opiekad nad zwierz\u0119tami\" \/>\n<meta property=\"og:url\" content=\"https:\/\/petsiterzy.pl\/index.php\/opiekad-nad-zwierzetami\/\" \/>\n<meta property=\"og:site_name\" content=\"Opieka nad zwierz\u0119tami\" \/>\n<meta property=\"article:modified_time\" content=\"2026-05-02T08:51:48+00:00\" \/>\n<meta property=\"og:image\" content=\"https:\/\/petsiterzy.pl\/wp-content\/uploads\/2026\/05\/wypadek-drogowy-2026-05-01T015856.295.png\" \/>\n\t<meta property=\"og:image:width\" content=\"1200\" \/>\n\t<meta property=\"og:image:height\" content=\"675\" \/>\n\t<meta property=\"og:image:type\" content=\"image\/png\" \/>\n<meta name=\"twitter:card\" content=\"summary_large_image\" \/>\n<script type=\"application\/ld+json\" class=\"yoast-schema-graph\">{\"@context\":\"https:\\\/\\\/schema.org\",\"@graph\":[{\"@type\":\"WebPage\",\"@id\":\"https:\\\/\\\/petsiterzy.pl\\\/index.php\\\/opiekad-nad-zwierzetami\\\/\",\"url\":\"https:\\\/\\\/petsiterzy.pl\\\/index.php\\\/opiekad-nad-zwierzetami\\\/\",\"name\":\"Opiekad nad zwierz\u0119tami - Opieka nad zwierz\u0119tami\",\"isPartOf\":{\"@id\":\"https:\\\/\\\/petsiterzy.pl\\\/#website\"},\"datePublished\":\"2022-05-30T19:11:08+00:00\",\"dateModified\":\"2026-05-02T08:51:48+00:00\",\"description\":\"Opiekad nad zwierz\u0119tami\",\"breadcrumb\":{\"@id\":\"https:\\\/\\\/petsiterzy.pl\\\/index.php\\\/opiekad-nad-zwierzetami\\\/#breadcrumb\"},\"inLanguage\":\"pl-PL\",\"potentialAction\":[{\"@type\":\"ReadAction\",\"target\":[\"https:\\\/\\\/petsiterzy.pl\\\/index.php\\\/opiekad-nad-zwierzetami\\\/\"]}]},{\"@type\":\"BreadcrumbList\",\"@id\":\"https:\\\/\\\/petsiterzy.pl\\\/index.php\\\/opiekad-nad-zwierzetami\\\/#breadcrumb\",\"itemListElement\":[{\"@type\":\"ListItem\",\"position\":1,\"name\":\"Strona g\u0142\u00f3wna\",\"item\":\"https:\\\/\\\/petsiterzy.pl\\\/\"},{\"@type\":\"ListItem\",\"position\":2,\"name\":\"Opiekad nad zwierz\u0119tami\"}]},{\"@type\":\"WebSite\",\"@id\":\"https:\\\/\\\/petsiterzy.pl\\\/#website\",\"url\":\"https:\\\/\\\/petsiterzy.pl\\\/\",\"name\":\"Opieka nad zwierz\u0119tami w domu | Petsiterzy.pl\",\"description\":\"Certyfikowana opieka nad zwierz\u0119tami w Twojej okolicy\",\"publisher\":{\"@id\":\"https:\\\/\\\/petsiterzy.pl\\\/#\\\/schema\\\/person\\\/2598b166f901e150976406f5063edd9c\"},\"alternateName\":\"Petsiterzy.pl mo\u017cliwie najlepszy wyb\u00f3r dla Ciebie i Twojego zwierz\u0119cia\",\"potentialAction\":[{\"@type\":\"SearchAction\",\"target\":{\"@type\":\"EntryPoint\",\"urlTemplate\":\"https:\\\/\\\/petsiterzy.pl\\\/?s={search_term_string}\"},\"query-input\":{\"@type\":\"PropertyValueSpecification\",\"valueRequired\":true,\"valueName\":\"search_term_string\"}}],\"inLanguage\":\"pl-PL\"},{\"@type\":[\"Person\",\"Organization\"],\"@id\":\"https:\\\/\\\/petsiterzy.pl\\\/#\\\/schema\\\/person\\\/2598b166f901e150976406f5063edd9c\",\"name\":\"Mieszko Eichelberger\",\"image\":{\"@type\":\"ImageObject\",\"inLanguage\":\"pl-PL\",\"@id\":\"https:\\\/\\\/secure.gravatar.com\\\/avatar\\\/900983b3a6d0204fa8fe8a0967cf296a15fd9d5b96778186da061ee910f02c2d?s=96&d=mm&r=g\",\"url\":\"https:\\\/\\\/secure.gravatar.com\\\/avatar\\\/900983b3a6d0204fa8fe8a0967cf296a15fd9d5b96778186da061ee910f02c2d?s=96&d=mm&r=g\",\"contentUrl\":\"https:\\\/\\\/secure.gravatar.com\\\/avatar\\\/900983b3a6d0204fa8fe8a0967cf296a15fd9d5b96778186da061ee910f02c2d?s=96&d=mm&r=g\",\"caption\":\"Mieszko Eichelberger\"},\"logo\":{\"@id\":\"https:\\\/\\\/secure.gravatar.com\\\/avatar\\\/900983b3a6d0204fa8fe8a0967cf296a15fd9d5b96778186da061ee910f02c2d?s=96&d=mm&r=g\"},\"sameAs\":[\"https:\\\/\\\/petsiterzy.pl\",\"1\"]}]}<\/script>\n<!-- \/ Yoast SEO Premium plugin. -->","yoast_head_json":{"title":"Opiekad nad zwierz\u0119tami - Opieka nad zwierz\u0119tami","description":"Opiekad nad zwierz\u0119tami","robots":{"index":"index","follow":"follow","max-snippet":"max-snippet:-1","max-image-preview":"max-image-preview:large","max-video-preview":"max-video-preview:-1"},"canonical":"https:\/\/petsiterzy.pl\/index.php\/opiekad-nad-zwierzetami\/","og_locale":"pl_PL","og_type":"article","og_title":"Opiekad nad zwierz\u0119tami","og_description":"Opiekad nad zwierz\u0119tami","og_url":"https:\/\/petsiterzy.pl\/index.php\/opiekad-nad-zwierzetami\/","og_site_name":"Opieka nad zwierz\u0119tami","article_modified_time":"2026-05-02T08:51:48+00:00","og_image":[{"width":1200,"height":675,"url":"https:\/\/petsiterzy.pl\/wp-content\/uploads\/2026\/05\/wypadek-drogowy-2026-05-01T015856.295.png","type":"image\/png"}],"twitter_card":"summary_large_image","schema":{"@context":"https:\/\/schema.org","@graph":[{"@type":"WebPage","@id":"https:\/\/petsiterzy.pl\/index.php\/opiekad-nad-zwierzetami\/","url":"https:\/\/petsiterzy.pl\/index.php\/opiekad-nad-zwierzetami\/","name":"Opiekad nad zwierz\u0119tami - Opieka nad zwierz\u0119tami","isPartOf":{"@id":"https:\/\/petsiterzy.pl\/#website"},"datePublished":"2022-05-30T19:11:08+00:00","dateModified":"2026-05-02T08:51:48+00:00","description":"Opiekad nad zwierz\u0119tami","breadcrumb":{"@id":"https:\/\/petsiterzy.pl\/index.php\/opiekad-nad-zwierzetami\/#breadcrumb"},"inLanguage":"pl-PL","potentialAction":[{"@type":"ReadAction","target":["https:\/\/petsiterzy.pl\/index.php\/opiekad-nad-zwierzetami\/"]}]},{"@type":"BreadcrumbList","@id":"https:\/\/petsiterzy.pl\/index.php\/opiekad-nad-zwierzetami\/#breadcrumb","itemListElement":[{"@type":"ListItem","position":1,"name":"Strona g\u0142\u00f3wna","item":"https:\/\/petsiterzy.pl\/"},{"@type":"ListItem","position":2,"name":"Opiekad nad zwierz\u0119tami"}]},{"@type":"WebSite","@id":"https:\/\/petsiterzy.pl\/#website","url":"https:\/\/petsiterzy.pl\/","name":"Opieka nad zwierz\u0119tami w domu | Petsiterzy.pl","description":"Certyfikowana opieka nad zwierz\u0119tami w Twojej okolicy","publisher":{"@id":"https:\/\/petsiterzy.pl\/#\/schema\/person\/2598b166f901e150976406f5063edd9c"},"alternateName":"Petsiterzy.pl mo\u017cliwie najlepszy wyb\u00f3r dla Ciebie i Twojego zwierz\u0119cia","potentialAction":[{"@type":"SearchAction","target":{"@type":"EntryPoint","urlTemplate":"https:\/\/petsiterzy.pl\/?s={search_term_string}"},"query-input":{"@type":"PropertyValueSpecification","valueRequired":true,"valueName":"search_term_string"}}],"inLanguage":"pl-PL"},{"@type":["Person","Organization"],"@id":"https:\/\/petsiterzy.pl\/#\/schema\/person\/2598b166f901e150976406f5063edd9c","name":"Mieszko Eichelberger","image":{"@type":"ImageObject","inLanguage":"pl-PL","@id":"https:\/\/secure.gravatar.com\/avatar\/900983b3a6d0204fa8fe8a0967cf296a15fd9d5b96778186da061ee910f02c2d?s=96&d=mm&r=g","url":"https:\/\/secure.gravatar.com\/avatar\/900983b3a6d0204fa8fe8a0967cf296a15fd9d5b96778186da061ee910f02c2d?s=96&d=mm&r=g","contentUrl":"https:\/\/secure.gravatar.com\/avatar\/900983b3a6d0204fa8fe8a0967cf296a15fd9d5b96778186da061ee910f02c2d?s=96&d=mm&r=g","caption":"Mieszko Eichelberger"},"logo":{"@id":"https:\/\/secure.gravatar.com\/avatar\/900983b3a6d0204fa8fe8a0967cf296a15fd9d5b96778186da061ee910f02c2d?s=96&d=mm&r=g"},"sameAs":["https:\/\/petsiterzy.pl","1"]}]}},"_links":{"self":[{"href":"https:\/\/petsiterzy.pl\/index.php\/wp-json\/wp\/v2\/pages\/8","targetHints":{"allow":["GET"]}}],"collection":[{"href":"https:\/\/petsiterzy.pl\/index.php\/wp-json\/wp\/v2\/pages"}],"about":[{"href":"https:\/\/petsiterzy.pl\/index.php\/wp-json\/wp\/v2\/types\/page"}],"author":[{"embeddable":true,"href":"https:\/\/petsiterzy.pl\/index.php\/wp-json\/wp\/v2\/users\/1"}],"replies":[{"embeddable":true,"href":"https:\/\/petsiterzy.pl\/index.php\/wp-json\/wp\/v2\/comments?post=8"}],"version-history":[{"count":1,"href":"https:\/\/petsiterzy.pl\/index.php\/wp-json\/wp\/v2\/pages\/8\/revisions"}],"predecessor-version":[{"id":12,"href":"https:\/\/petsiterzy.pl\/index.php\/wp-json\/wp\/v2\/pages\/8\/revisions\/12"}],"wp:attachment":[{"href":"https:\/\/petsiterzy.pl\/index.php\/wp-json\/wp\/v2\/media?parent=8"}],"curies":[{"name":"wp","href":"https:\/\/api.w.org\/{rel}","templated":true}]}}